{"id":10312,"date":"2020-11-04T21:09:12","date_gmt":"2020-11-05T03:09:12","guid":{"rendered":"http:\/\/www.antarrec.com\/?page_id=10312"},"modified":"2020-11-04T21:22:15","modified_gmt":"2020-11-05T03:22:15","slug":"quienes-somos","status":"publish","type":"page","link":"https:\/\/www.antarrec.com\/en\/quienes-somos\/","title":{"rendered":"\u00bfQui\u00e9nes somos?"},"content":{"rendered":"<div class=\"wpb-content-wrapper\"><div class=\"vc_row wpb_row vc_row-fluid\"><div class=\"wpb_column vc_column_container vc_col-sm-12 bg-color-white\"><div class=\"vc_column-inner\"><div class=\"wpb_wrapper\">\n\t<div class=\"wpb_text_column wpb_content_element\" >\n\t\t<div class=\"wpb_wrapper\">\n\t\t\t<p style=\"text-align: justify;\">\u00a0\u00a0\u00a0\u00a0 Somos m\u00e1s que un estudio de grabaci\u00f3n profesional que refleja en cada proyecto gran calidad sonora, <strong>Antarrec Productions<\/strong> es el lugar donde encontraras las herramientas necesarias para desarrollar tu proyecto de la mejor manera, junto a nuestro experimentado equipo de productores, arreglistas, ingenieros y m\u00fasicos. Tenemos como objetivo principal, cumplir las expectativas de nuestros clientes, adoptando siempre como nuestras sus necesidades. Nuestros servicios corresponden a las necesidades creativas de productores, m\u00fasicos, cantantes, compositores y a todo lo relacionado con la industria musical. Ofreciendo calidad y versatilidad en todos sus proyectos.<\/p>\n<h5 style=\"text-align: justify;\">El valor de Antarrec Productions:<\/h5>\n<h6 style=\"text-align: justify;\">CALIDAD:<\/h6>\n<p style=\"text-align: justify;\">\u00a0\u00a0\u00a0\u00a0 <strong>Antarrec Productions<\/strong> entrega en cada trabajo la m\u00e1s alta calidad, sum\u00e1ndose en cada momento con pasi\u00f3n y experiencia a todas y cada una de sus producciones. Todo esto es posible por el gran equipo humano y t\u00e9cnico.<\/p>\n<h6 style=\"text-align: justify;\">HONESTIDAD Y CALIDEZ:<\/h6>\n<p style=\"text-align: justify;\">\u00a0\u00a0\u00a0\u00a0 <strong>Antarrec Productions<\/strong> comulga con la entrega y pasi\u00f3n en cada proyecto sin importar las dificultades en el proceso, nuestra firma y compromiso van de por medio, esto nos lleva a hablar siempre con la verdad a nuestros clientes, haci\u00e9ndoles sentir que no son un numero, sino personas y artistas con valor, por encima del negocio.<\/p>\n<h6 style=\"text-align: justify;\">CONGRUENCIA:<\/h6>\n<p style=\"text-align: justify;\">\u00a0\u00a0\u00a0\u00a0 La filosof\u00eda de <strong>Antarrec<\/strong> es la de siempre ser congruentes en cada uno de nuestros planes de trabajo y que estos se adapten a las necesidades de nuestros clientes, maximizando cada unos de los recursos con los que se cuenten para realizar con la mayor calidad sus proyectos.<\/p>\n<p style=\"text-align: justify;\">\u00a0\u00a0\u00a0\u00a0 Con m\u00e1s de 15 a\u00f1os de trayectoria como productora nos avalan innumerables proyectos. En el \u00e1rea de producci\u00f3n musical hemos trabajo para artistas como, Aleks Sintek, Los Victorios, Yuridia, Julio Preciado, Ana Barbara, Fernando Delgadillo, Celio Gonz\u00e1lez Jr, Don Cubano, Andrea Zanetti, Dulce L\u00f3pez, entre otros.<\/p>\n<p style=\"text-align: justify;\">\u00a0\u00a0\u00a0\u00a0 As\u00ed tambi\u00e9n hemos producido m\u00fasica para telenovelas de Televisa como \u00abEl Precio de la Fama\u00bb, \u00abEncadenados\u00bb, \u00abAtrapada\u00bb, \u00abNuevo Amanecer\u00bb. Para Tv Azteca realizamos la m\u00fasica de las telenovelas \u00abAmor Cautivo\u00bb, \u00abA Cada Quien su Santo\u00bb, \u00abMontecristo\u00bb, \u00abLos S\u00e1nchez\u00bb (arreglos y producci\u00f3n del tema principal \u00abGente Buena\u00bb cantado por V\u00edctor) \u00abDos Chicos De Cuidado\u00bb, \u00abLa Heredera\u00bb , y pistas musicales para los programas \u00abLa Academia\u00bb, \u00abHomenajes\u00bb, \u00abDesaf\u00edo de Estrellas\u00bb. Arreglos musicales para el Festival Bacard\u00ed 97 ganando el primer lugar con el cantante cubano Leobel. Adem\u00e1s de producciones para artistas como Yoshio (M\u00e9xico), M\u00f3nica Cruz (Argentina), Garibaldi 2000 (Festival Acapulco) y la producci\u00f3n \u00abHay Mil Mundos Diferentes\u00bb (proyecto contra las drogas) donde cantaron Yuri, Franco De Vita, Mijares, Pandora, Daniela Romo, Tatiana, Lorenzo Antonio y Jorge Mu\u00f1\u00edz. Proyectos para Azteca Music produciendo y dirigiendo a artistas como Yahir, Lorena Rojas, Uff, Boom, V\u00edctor, Ra\u00fal y Crush (Perfiles).<\/p>\n<p style=\"text-align: justify;\">\u00a0\u00a0\u00a0\u00a0 Dentro del \u00e1mbito de la composici\u00f3n musical, primer lugar del Festival de la Canci\u00f3n Internacional de Bulgaria representando a Espa\u00f1a con la cantante Bety Misiego interpretando el tema \u00abR\u00edo De Mis Amores\u00bb. Disco de platino entregado en la Casa Blanca, Washington por sus altas ventas, al tema \u00abCuando Estemos Juntos\u00bb interpretado por Tatiana y Johnny para el proyecto Paternidad Responsable. Tambi\u00e9n dentro de los primeros lugares del Billboard. Los Fugitivos, con el tema \u00abVoy a Morir de Amor\u00bb. Tambi\u00e9n m\u00faltiples grabaciones con artistas de gran renombre como Lupita D&#8217;Alessio, Emmanuel, Ray Conniff, Carro Show, Raphael, Vikki Carr, Moncho, Paloma San Basilio, entre otros.<\/p>\n<p style=\"text-align: justify;\">\u00a0\u00a0\u00a0\u00a0 No solo nos enfocamos en trabajos solicitados por compa\u00f1\u00edas disqueras transnacionales. Tambi\u00e9n en nuestros Estudios se han realizado muchos proyectos independientes, Aque poco a poco se abren paso en el medio art\u00edstico, con esto tratamos de impulsar la m\u00fasica en todos sus puntos de crecimiento y ser la uni\u00f3n entre el camino independiente y las compa\u00f1\u00edas disqueras transnacionales.<\/p>\n\n\t\t<\/div>\n\t<\/div>\n<\/div><\/div><\/div><\/div>\n<\/div>","protected":false},"excerpt":{"rendered":"\u00a0\u00a0\u00a0\u00a0 Somos m\u00e1s que un estudio de grabaci\u00f3n profesional que refleja en cada proyecto gran calidad sonora, Antarrec Productions es el lugar donde encontraras las herramientas necesarias para desarrollar tu proyecto de la mejor manera, junto a nuestro experimentado equipo de productores, arreglistas, ingenieros y m\u00fasicos. Tenemos como objetivo principal, cumplir las expectativas de nuestros clientes, adoptando siempre como nuestras sus necesidades. Nuestros servicios corresponden a las necesidades creativas de productores, m\u00fasicos, cantantes, compositores y a todo lo relacionado con la industria musical. Ofreciendo calidad y versatilidad en todos sus proyectos. El valor de Antarrec Productions: CALIDAD: \u00a0\u00a0\u00a0\u00a0 Antarrec Productions [...]","protected":false},"author":1,"featured_media":0,"parent":0,"menu_order":0,"comment_status":"closed","ping_status":"closed","template":"","meta":{"footnotes":""},"class_list":["post-10312","page","type-page","status-publish","hentry"],"yoast_head":"<!-- This site is optimized with the Yoast SEO plugin v27.4 - https:\/\/yoast.com\/product\/yoast-seo-wordpress\/ -->\n<title>\u00bfQui\u00e9nes somos? - Antarrec Productions<\/title>\n<meta name=\"robots\" content=\"index, follow, max-snippet:-1, max-image-preview:large, max-video-preview:-1\" \/>\n<link rel=\"canonical\" href=\"https:\/\/www.antarrec.com\/en\/quienes-somos\/\" \/>\n<meta property=\"og:locale\" content=\"en_US\" \/>\n<meta property=\"og:type\" content=\"article\" \/>\n<meta property=\"og:title\" content=\"\u00bfQui\u00e9nes somos? - Antarrec Productions\" \/>\n<meta property=\"og:url\" content=\"https:\/\/www.antarrec.com\/en\/quienes-somos\/\" \/>\n<meta property=\"og:site_name\" content=\"Antarrec Productions\" \/>\n<meta property=\"article:publisher\" content=\"https:\/\/www.facebook.com\/Antarrec\" \/>\n<meta property=\"article:modified_time\" content=\"2020-11-05T03:22:15+00:00\" \/>\n<meta property=\"og:image\" content=\"https:\/\/www.antarrec.com\/wp-content\/uploads\/2017\/02\/LogoG2020-200.png\" \/>\n\t<meta property=\"og:image:width\" content=\"671\" \/>\n\t<meta property=\"og:image:height\" content=\"200\" \/>\n\t<meta property=\"og:image:type\" content=\"image\/png\" \/>\n<meta name=\"twitter:card\" content=\"summary_large_image\" \/>\n<meta name=\"twitter:site\" content=\"@antarrec\" \/>\n<meta name=\"twitter:label1\" content=\"Est. reading time\" \/>\n\t<meta name=\"twitter:data1\" content=\"3 minutes\" \/>\n<script type=\"application\/ld+json\" class=\"yoast-schema-graph\">{\"@context\":\"https:\\\/\\\/schema.org\",\"@graph\":[{\"@type\":\"WebPage\",\"@id\":\"https:\\\/\\\/www.antarrec.com\\\/quienes-somos\\\/\",\"url\":\"https:\\\/\\\/www.antarrec.com\\\/quienes-somos\\\/\",\"name\":\"\u00bfQui\u00e9nes somos? - Antarrec Productions\",\"isPartOf\":{\"@id\":\"https:\\\/\\\/www.antarrec.com\\\/#website\"},\"datePublished\":\"2020-11-05T03:09:12+00:00\",\"dateModified\":\"2020-11-05T03:22:15+00:00\",\"breadcrumb\":{\"@id\":\"https:\\\/\\\/www.antarrec.com\\\/quienes-somos\\\/#breadcrumb\"},\"inLanguage\":\"en-US\",\"potentialAction\":[{\"@type\":\"ReadAction\",\"target\":[\"https:\\\/\\\/www.antarrec.com\\\/quienes-somos\\\/\"]}]},{\"@type\":\"BreadcrumbList\",\"@id\":\"https:\\\/\\\/www.antarrec.com\\\/quienes-somos\\\/#breadcrumb\",\"itemListElement\":[{\"@type\":\"ListItem\",\"position\":1,\"name\":\"Inicio\",\"item\":\"https:\\\/\\\/www.antarrec.com\\\/\"},{\"@type\":\"ListItem\",\"position\":2,\"name\":\"\u00bfQui\u00e9nes somos?\"}]},{\"@type\":\"WebSite\",\"@id\":\"https:\\\/\\\/www.antarrec.com\\\/#website\",\"url\":\"https:\\\/\\\/www.antarrec.com\\\/\",\"name\":\"Antarrec Productions\",\"description\":\"Estudio de Grabaci\u00f3n\",\"publisher\":{\"@id\":\"https:\\\/\\\/www.antarrec.com\\\/#organization\"},\"potentialAction\":[{\"@type\":\"SearchAction\",\"target\":{\"@type\":\"EntryPoint\",\"urlTemplate\":\"https:\\\/\\\/www.antarrec.com\\\/?s={search_term_string}\"},\"query-input\":{\"@type\":\"PropertyValueSpecification\",\"valueRequired\":true,\"valueName\":\"search_term_string\"}}],\"inLanguage\":\"en-US\"},{\"@type\":\"Organization\",\"@id\":\"https:\\\/\\\/www.antarrec.com\\\/#organization\",\"name\":\"Antarrec\",\"url\":\"https:\\\/\\\/www.antarrec.com\\\/\",\"logo\":{\"@type\":\"ImageObject\",\"inLanguage\":\"en-US\",\"@id\":\"https:\\\/\\\/www.antarrec.com\\\/#\\\/schema\\\/logo\\\/image\\\/\",\"url\":\"https:\\\/\\\/www.antarrec.com\\\/wp-content\\\/uploads\\\/2017\\\/02\\\/LogoG2020-200.png\",\"contentUrl\":\"https:\\\/\\\/www.antarrec.com\\\/wp-content\\\/uploads\\\/2017\\\/02\\\/LogoG2020-200.png\",\"width\":671,\"height\":200,\"caption\":\"Antarrec\"},\"image\":{\"@id\":\"https:\\\/\\\/www.antarrec.com\\\/#\\\/schema\\\/logo\\\/image\\\/\"},\"sameAs\":[\"https:\\\/\\\/www.facebook.com\\\/Antarrec\",\"https:\\\/\\\/x.com\\\/antarrec\",\"https:\\\/\\\/www.instagram.com\\\/antarrec\",\"https:\\\/\\\/www.youtube.com\\\/user\\\/antarrec\"]}]}<\/script>\n<!-- \/ Yoast SEO plugin. -->","yoast_head_json":{"title":"\u00bfQui\u00e9nes somos? - Antarrec Productions","robots":{"index":"index","follow":"follow","max-snippet":"max-snippet:-1","max-image-preview":"max-image-preview:large","max-video-preview":"max-video-preview:-1"},"canonical":"https:\/\/www.antarrec.com\/en\/quienes-somos\/","og_locale":"en_US","og_type":"article","og_title":"\u00bfQui\u00e9nes somos? - Antarrec Productions","og_url":"https:\/\/www.antarrec.com\/en\/quienes-somos\/","og_site_name":"Antarrec Productions","article_publisher":"https:\/\/www.facebook.com\/Antarrec","article_modified_time":"2020-11-05T03:22:15+00:00","og_image":[{"width":671,"height":200,"url":"https:\/\/www.antarrec.com\/wp-content\/uploads\/2017\/02\/LogoG2020-200.png","type":"image\/png"}],"twitter_card":"summary_large_image","twitter_site":"@antarrec","twitter_misc":{"Est. reading time":"3 minutes"},"schema":{"@context":"https:\/\/schema.org","@graph":[{"@type":"WebPage","@id":"https:\/\/www.antarrec.com\/quienes-somos\/","url":"https:\/\/www.antarrec.com\/quienes-somos\/","name":"\u00bfQui\u00e9nes somos? - Antarrec Productions","isPartOf":{"@id":"https:\/\/www.antarrec.com\/#website"},"datePublished":"2020-11-05T03:09:12+00:00","dateModified":"2020-11-05T03:22:15+00:00","breadcrumb":{"@id":"https:\/\/www.antarrec.com\/quienes-somos\/#breadcrumb"},"inLanguage":"en-US","potentialAction":[{"@type":"ReadAction","target":["https:\/\/www.antarrec.com\/quienes-somos\/"]}]},{"@type":"BreadcrumbList","@id":"https:\/\/www.antarrec.com\/quienes-somos\/#breadcrumb","itemListElement":[{"@type":"ListItem","position":1,"name":"Inicio","item":"https:\/\/www.antarrec.com\/"},{"@type":"ListItem","position":2,"name":"\u00bfQui\u00e9nes somos?"}]},{"@type":"WebSite","@id":"https:\/\/www.antarrec.com\/#website","url":"https:\/\/www.antarrec.com\/","name":"Antarrec Productions","description":"Estudio de Grabaci\u00f3n","publisher":{"@id":"https:\/\/www.antarrec.com\/#organization"},"potentialAction":[{"@type":"SearchAction","target":{"@type":"EntryPoint","urlTemplate":"https:\/\/www.antarrec.com\/?s={search_term_string}"},"query-input":{"@type":"PropertyValueSpecification","valueRequired":true,"valueName":"search_term_string"}}],"inLanguage":"en-US"},{"@type":"Organization","@id":"https:\/\/www.antarrec.com\/#organization","name":"Antarrec","url":"https:\/\/www.antarrec.com\/","logo":{"@type":"ImageObject","inLanguage":"en-US","@id":"https:\/\/www.antarrec.com\/#\/schema\/logo\/image\/","url":"https:\/\/www.antarrec.com\/wp-content\/uploads\/2017\/02\/LogoG2020-200.png","contentUrl":"https:\/\/www.antarrec.com\/wp-content\/uploads\/2017\/02\/LogoG2020-200.png","width":671,"height":200,"caption":"Antarrec"},"image":{"@id":"https:\/\/www.antarrec.com\/#\/schema\/logo\/image\/"},"sameAs":["https:\/\/www.facebook.com\/Antarrec","https:\/\/x.com\/antarrec","https:\/\/www.instagram.com\/antarrec","https:\/\/www.youtube.com\/user\/antarrec"]}]}},"jetpack_sharing_enabled":true,"_links":{"self":[{"href":"https:\/\/www.antarrec.com\/en\/wp-json\/wp\/v2\/pages\/10312","targetHints":{"allow":["GET"]}}],"collection":[{"href":"https:\/\/www.antarrec.com\/en\/wp-json\/wp\/v2\/pages"}],"about":[{"href":"https:\/\/www.antarrec.com\/en\/wp-json\/wp\/v2\/types\/page"}],"author":[{"embeddable":true,"href":"https:\/\/www.antarrec.com\/en\/wp-json\/wp\/v2\/users\/1"}],"replies":[{"embeddable":true,"href":"https:\/\/www.antarrec.com\/en\/wp-json\/wp\/v2\/comments?post=10312"}],"version-history":[{"count":0,"href":"https:\/\/www.antarrec.com\/en\/wp-json\/wp\/v2\/pages\/10312\/revisions"}],"wp:attachment":[{"href":"https:\/\/www.antarrec.com\/en\/wp-json\/wp\/v2\/media?parent=10312"}],"curies":[{"name":"wp","href":"https:\/\/api.w.org\/{rel}","templated":true}]}}