{"id":25,"date":"2017-05-17T20:05:52","date_gmt":"2017-05-17T20:05:52","guid":{"rendered":"http:\/\/www.antarrec.com\/?page_id=25"},"modified":"2025-12-27T14:49:24","modified_gmt":"2025-12-27T20:49:24","slug":"contacto","status":"publish","type":"page","link":"https:\/\/www.antarrec.com\/en\/contacto\/","title":{"rendered":"Contacto"},"content":{"rendered":"<div class=\"wpb-content-wrapper\"><section data-vc-full-width=\"true\" data-vc-full-width-temp=\"true\" data-vc-full-width-init=\"false\" class=\"vc_section\"><div class=\"vc_row wpb_row vc_row-fluid\"><div class=\"wpb_column vc_column_container vc_col-sm-6\"><div class=\"vc_column-inner\"><div class=\"wpb_wrapper\"><div class=\"align-default\"><ul class=\"social-icons-list   vc_custom_1766868344955 bg-main  icon-weight-bold\" id=\"like_sc_header_176857365\"><li class=\"\"><span class=\"\"><\/span><span class=\"head\">+52 55 5816 8715<\/span><\/li><li class=\"\"><a href=\"#\"><span class=\"\"><\/span><span class=\"head\">contacto@antarrec.com<\/span><\/a><\/li><li class=\"\"><span class=\"\"><\/span><span class=\"head\">Atizap\u00e1n de Zaragoza, Estado de M\u00e9xico. M\u00e9xico<\/span><\/li><\/ul><\/div><div class=\"align-center\"><ul class=\"social-icons-list bg-main\" id=\"like_sc_header_1627358491\"><li class=\"\"><a href=\"https:\/\/open.spotify.com\/playlist\/5MqHhF22AnjDqmHTKu4EjU?si=TVf-XG3yTfKi3U8y55v4gQ\"><span class=\"fa fa-brands fa-spotify\"><\/span><span class=\"head\">Spotify<\/span><\/a><\/li><li class=\"\"><a href=\"https:\/\/www.facebook.com\/Antarrec\/\"><span class=\"fa fa-brands fa-facebook-f\"><\/span><span class=\"head\">Facebook<\/span><\/a><\/li><li class=\"\"><a href=\"https:\/\/www.instagram.com\/antarrec\"><span class=\"fa fa-brands fa-instagram\"><\/span><span class=\"head\">Instagram<\/span><\/a><\/li><\/ul><\/div><div class=\"es-resp\">\t<div class=\"visible-xl\" style=\"height: 80px;\"><\/div>\t<div class=\"hidden-xl hidden-md hidden-sm hidden-ms hidden-xs\" style=\"height: 80px;\"><\/div>\t<div class=\"visible-md\" style=\"height: 80px;\"><\/div>\t<div class=\"visible-sm\" style=\"height: 80px;\"><\/div>\t<div class=\"visible-ms\" style=\"height: 80px;\"><\/div>\t<div class=\"visible-xs\" style=\"height: 80px;\"><\/div><\/div><\/div><\/div><\/div><div class=\"wpb_column vc_column_container vc_col-sm-6\"><div class=\"vc_column-inner\"><div class=\"wpb_wrapper\">\n\t<div  class=\"wpb_single_image wpb_content_element vc_align_center wpb_content_element\">\n\t\t\n\t\t<figure class=\"wpb_wrapper vc_figure\">\n\t\t\t<div class=\"vc_single_image-wrapper vc_box_rounded  vc_box_border_grey\"><img decoding=\"async\" width=\"276\" height=\"400\" src=\"https:\/\/www.antarrec.com\/wp-content\/uploads\/2020\/11\/contacto1.jpg\" class=\"vc_single_image-img attachment-large\" alt=\"Contacto\" title=\"Contacto\" srcset=\"https:\/\/www.antarrec.com\/wp-content\/uploads\/2020\/11\/contacto1.jpg 276w, https:\/\/www.antarrec.com\/wp-content\/uploads\/2020\/11\/contacto1-207x300.jpg 207w\" sizes=\"(max-width: 276px) 100vw, 276px\" \/><\/div>\n\t\t<\/figure>\n\t<\/div>\n<\/div><\/div><\/div><\/div><div data-vc-full-width=\"true\" data-vc-full-width-temp=\"true\" data-vc-full-width-init=\"false\" class=\"vc_row wpb_row vc_row-fluid bg-color-gray\"><div class=\"wpb_column vc_column_container vc_col-sm-12\"><div class=\"vc_column-inner\"><div class=\"wpb_wrapper\"><div class=\"ltx-content-width col-align-center\" id=\"like_sc_content_width_970335140\" style=\"max-width: 1050px\"><div class=\"ltx-wrapper\"><div class=\"es-resp\">\t<div class=\"visible-xl\" style=\"height: 48px;\"><\/div>\t<div class=\"hidden-xl hidden-md hidden-sm hidden-ms hidden-xs\" style=\"height: 48px;\"><\/div>\t<div class=\"visible-md\" style=\"height: 48px;\"><\/div>\t<div class=\"visible-sm\" style=\"height: 48px;\"><\/div>\t<div class=\"visible-ms\" style=\"height: 48px;\"><\/div>\t<div class=\"visible-xs\" style=\"height: 48px;\"><\/div><\/div><div class=\"heading  header-subheader align-center color-black subcolor-main transform-default theme-icon-second icon-type-hidden   vc_custom_1604549055544 heading-tag-h4\" id=\"like_sc_header_479399437\"><h4 class=\"header ltx-sr-id-like_sc_header_4793994371374631388 ltx-sr ltx-sr-effect-fade_in ltx-sr-el-block ltx-sr-delay-0 ltx-sr-duration-1000 ltx-sr-sequences-0\">Enviar mensaje<\/h4><\/div><div class=\"ltx-contact-form-7 transform-default form-center form-gray form-bg-gray form-style-default form-btn-default form-btn-default form-padding-none    vc_custom_1604549069767\" id=\"like_sc_contact_form_7_2072264342\">\n<div class=\"wpcf7 no-js\" id=\"wpcf7-f1555-o2\" lang=\"en-US\" dir=\"ltr\" data-wpcf7-id=\"1555\">\n<div class=\"screen-reader-response\"><p role=\"status\" aria-live=\"polite\" aria-atomic=\"true\"><\/p> <ul><\/ul><\/div>\n<form action=\"\/en\/wp-json\/wp\/v2\/pages\/25#wpcf7-f1555-o2\" method=\"post\" class=\"wpcf7-form init\" aria-label=\"Contact form\" novalidate=\"novalidate\" data-status=\"init\" data-trp-original-action=\"\/en\/wp-json\/wp\/v2\/pages\/25#wpcf7-f1555-o2\">\n<fieldset class=\"hidden-fields-container\"><input type=\"hidden\" name=\"_wpcf7\" value=\"1555\" \/><input type=\"hidden\" name=\"_wpcf7_version\" value=\"6.1.5\" \/><input type=\"hidden\" name=\"_wpcf7_locale\" value=\"en_US\" \/><input type=\"hidden\" name=\"_wpcf7_unit_tag\" value=\"wpcf7-f1555-o2\" \/><input type=\"hidden\" name=\"_wpcf7_container_post\" value=\"0\" \/><input type=\"hidden\" name=\"_wpcf7_posted_data_hash\" value=\"\" \/><input type=\"hidden\" name=\"_wpcf7_recaptcha_response\" value=\"\" \/>\n<\/fieldset>\n<div class=\"row\">\n\t<div class=\"col-lg-6\">\n\t\t<p><span class=\"wpcf7-form-control-wrap\" data-name=\"field-header\"><input size=\"40\" maxlength=\"400\" class=\"wpcf7-form-control wpcf7-text wpcf7-validates-as-required\" aria-required=\"true\" aria-invalid=\"false\" placeholder=\"Nombre\" value=\"\" type=\"text\" name=\"field-header\" \/><\/span>\n\t\t<\/p>\n\t<\/div>\n\t<div class=\"col-lg-6\">\n\t\t<p><span class=\"wpcf7-form-control-wrap\" data-name=\"field-header2\"><input size=\"40\" maxlength=\"400\" class=\"wpcf7-form-control wpcf7-text wpcf7-validates-as-required\" aria-required=\"true\" aria-invalid=\"false\" placeholder=\"E-mail\" value=\"\" type=\"text\" name=\"field-header2\" \/><\/span>\n\t\t<\/p>\n\t<\/div>\n<\/div>\n<p><span class=\"wpcf7-form-control-wrap\" data-name=\"field-header-3\"><textarea cols=\"40\" rows=\"10\" maxlength=\"2000\" class=\"wpcf7-form-control wpcf7-textarea\" aria-invalid=\"false\" placeholder=\"Mensaje\" name=\"field-header-3\"><\/textarea><\/span>\n<\/p>\n<p><input class=\"wpcf7-form-control wpcf7-submit has-spinner\" type=\"submit\" value=\"Enviar\" \/>\n<\/p><p style=\"display: none !important;\" class=\"akismet-fields-container\" data-prefix=\"_wpcf7_ak_\"><label>&#916;<textarea name=\"_wpcf7_ak_hp_textarea\" cols=\"45\" rows=\"8\" maxlength=\"100\"><\/textarea><\/label><input type=\"hidden\" id=\"ak_js_2\" name=\"_wpcf7_ak_js\" value=\"162\"\/><script>document.getElementById( \"ak_js_2\" ).setAttribute( \"value\", ( new Date() ).getTime() );<\/script><\/p><div class=\"wpcf7-response-output\" aria-hidden=\"true\"><\/div>\n<input type=\"hidden\" name=\"trp-form-language\" value=\"en\"\/><\/form>\n<\/div>\n<\/div><div class=\"es-resp\">\t<div class=\"visible-xl\" style=\"height: 128px;\"><\/div>\t<div class=\"hidden-xl hidden-md hidden-sm hidden-ms hidden-xs\" style=\"height: 128px;\"><\/div>\t<div class=\"visible-md\" style=\"height: 128px;\"><\/div>\t<div class=\"visible-sm\" style=\"height: 128px;\"><\/div>\t<div class=\"visible-ms\" style=\"height: 128px;\"><\/div>\t<div class=\"visible-xs\" style=\"height: 128px;\"><\/div><\/div><\/div><\/div><\/div><\/div><\/div><\/div><div class=\"vc_row-full-width vc_clearfix\"><\/div><\/section><div class=\"vc_row-full-width vc_clearfix\"><\/div>\n<\/div>","protected":false},"excerpt":{"rendered":"+52 55 5816 8715contacto@antarrec.comAtizap\u00e1n de Zaragoza, Estado de M\u00e9xico. M\u00e9xicoSpotifyFacebookInstagram Enviar mensaje &#916;","protected":false},"author":1,"featured_media":0,"parent":0,"menu_order":0,"comment_status":"closed","ping_status":"closed","template":"page-templates\/full-width.php","meta":{"footnotes":""},"class_list":["post-25","page","type-page","status-publish","hentry"],"yoast_head":"<!-- This site is optimized with the Yoast SEO plugin v27.4 - https:\/\/yoast.com\/product\/yoast-seo-wordpress\/ -->\n<title>Contacto - Antarrec Productions<\/title>\n<meta name=\"robots\" content=\"index, follow, max-snippet:-1, max-image-preview:large, max-video-preview:-1\" \/>\n<link rel=\"canonical\" href=\"https:\/\/www.antarrec.com\/en\/contacto\/\" \/>\n<meta property=\"og:locale\" content=\"en_US\" \/>\n<meta property=\"og:type\" content=\"article\" \/>\n<meta property=\"og:title\" content=\"Contacto - Antarrec Productions\" \/>\n<meta property=\"og:url\" content=\"https:\/\/www.antarrec.com\/en\/contacto\/\" \/>\n<meta property=\"og:site_name\" content=\"Antarrec Productions\" \/>\n<meta property=\"article:publisher\" content=\"https:\/\/www.facebook.com\/Antarrec\" \/>\n<meta property=\"article:modified_time\" content=\"2025-12-27T20:49:24+00:00\" \/>\n<meta property=\"og:image\" content=\"https:\/\/www.antarrec.com\/wp-content\/uploads\/2017\/02\/LogoG2020-200.png\" \/>\n\t<meta property=\"og:image:width\" content=\"671\" \/>\n\t<meta property=\"og:image:height\" content=\"200\" \/>\n\t<meta property=\"og:image:type\" content=\"image\/png\" \/>\n<meta name=\"twitter:card\" content=\"summary_large_image\" \/>\n<meta name=\"twitter:site\" content=\"@antarrec\" \/>\n<meta name=\"twitter:label1\" content=\"Est. reading time\" \/>\n\t<meta name=\"twitter:data1\" content=\"2 minutes\" \/>\n<script type=\"application\/ld+json\" class=\"yoast-schema-graph\">{\"@context\":\"https:\\\/\\\/schema.org\",\"@graph\":[{\"@type\":\"WebPage\",\"@id\":\"https:\\\/\\\/www.antarrec.com\\\/contacto\\\/\",\"url\":\"https:\\\/\\\/www.antarrec.com\\\/contacto\\\/\",\"name\":\"Contacto - Antarrec Productions\",\"isPartOf\":{\"@id\":\"https:\\\/\\\/www.antarrec.com\\\/#website\"},\"datePublished\":\"2017-05-17T20:05:52+00:00\",\"dateModified\":\"2025-12-27T20:49:24+00:00\",\"breadcrumb\":{\"@id\":\"https:\\\/\\\/www.antarrec.com\\\/contacto\\\/#breadcrumb\"},\"inLanguage\":\"en-US\",\"potentialAction\":[{\"@type\":\"ReadAction\",\"target\":[\"https:\\\/\\\/www.antarrec.com\\\/contacto\\\/\"]}]},{\"@type\":\"BreadcrumbList\",\"@id\":\"https:\\\/\\\/www.antarrec.com\\\/contacto\\\/#breadcrumb\",\"itemListElement\":[{\"@type\":\"ListItem\",\"position\":1,\"name\":\"Inicio\",\"item\":\"https:\\\/\\\/www.antarrec.com\\\/\"},{\"@type\":\"ListItem\",\"position\":2,\"name\":\"Contacto\"}]},{\"@type\":\"WebSite\",\"@id\":\"https:\\\/\\\/www.antarrec.com\\\/#website\",\"url\":\"https:\\\/\\\/www.antarrec.com\\\/\",\"name\":\"Antarrec Productions\",\"description\":\"Estudio de Grabaci\u00f3n\",\"publisher\":{\"@id\":\"https:\\\/\\\/www.antarrec.com\\\/#organization\"},\"potentialAction\":[{\"@type\":\"SearchAction\",\"target\":{\"@type\":\"EntryPoint\",\"urlTemplate\":\"https:\\\/\\\/www.antarrec.com\\\/?s={search_term_string}\"},\"query-input\":{\"@type\":\"PropertyValueSpecification\",\"valueRequired\":true,\"valueName\":\"search_term_string\"}}],\"inLanguage\":\"en-US\"},{\"@type\":\"Organization\",\"@id\":\"https:\\\/\\\/www.antarrec.com\\\/#organization\",\"name\":\"Antarrec\",\"url\":\"https:\\\/\\\/www.antarrec.com\\\/\",\"logo\":{\"@type\":\"ImageObject\",\"inLanguage\":\"en-US\",\"@id\":\"https:\\\/\\\/www.antarrec.com\\\/#\\\/schema\\\/logo\\\/image\\\/\",\"url\":\"https:\\\/\\\/www.antarrec.com\\\/wp-content\\\/uploads\\\/2017\\\/02\\\/LogoG2020-200.png\",\"contentUrl\":\"https:\\\/\\\/www.antarrec.com\\\/wp-content\\\/uploads\\\/2017\\\/02\\\/LogoG2020-200.png\",\"width\":671,\"height\":200,\"caption\":\"Antarrec\"},\"image\":{\"@id\":\"https:\\\/\\\/www.antarrec.com\\\/#\\\/schema\\\/logo\\\/image\\\/\"},\"sameAs\":[\"https:\\\/\\\/www.facebook.com\\\/Antarrec\",\"https:\\\/\\\/x.com\\\/antarrec\",\"https:\\\/\\\/www.instagram.com\\\/antarrec\",\"https:\\\/\\\/www.youtube.com\\\/user\\\/antarrec\"]}]}<\/script>\n<!-- \/ Yoast SEO plugin. -->","yoast_head_json":{"title":"Contacto - Antarrec Productions","robots":{"index":"index","follow":"follow","max-snippet":"max-snippet:-1","max-image-preview":"max-image-preview:large","max-video-preview":"max-video-preview:-1"},"canonical":"https:\/\/www.antarrec.com\/en\/contacto\/","og_locale":"en_US","og_type":"article","og_title":"Contacto - Antarrec Productions","og_url":"https:\/\/www.antarrec.com\/en\/contacto\/","og_site_name":"Antarrec Productions","article_publisher":"https:\/\/www.facebook.com\/Antarrec","article_modified_time":"2025-12-27T20:49:24+00:00","og_image":[{"width":671,"height":200,"url":"https:\/\/www.antarrec.com\/wp-content\/uploads\/2017\/02\/LogoG2020-200.png","type":"image\/png"}],"twitter_card":"summary_large_image","twitter_site":"@antarrec","twitter_misc":{"Est. reading time":"2 minutes"},"schema":{"@context":"https:\/\/schema.org","@graph":[{"@type":"WebPage","@id":"https:\/\/www.antarrec.com\/contacto\/","url":"https:\/\/www.antarrec.com\/contacto\/","name":"Contacto - Antarrec Productions","isPartOf":{"@id":"https:\/\/www.antarrec.com\/#website"},"datePublished":"2017-05-17T20:05:52+00:00","dateModified":"2025-12-27T20:49:24+00:00","breadcrumb":{"@id":"https:\/\/www.antarrec.com\/contacto\/#breadcrumb"},"inLanguage":"en-US","potentialAction":[{"@type":"ReadAction","target":["https:\/\/www.antarrec.com\/contacto\/"]}]},{"@type":"BreadcrumbList","@id":"https:\/\/www.antarrec.com\/contacto\/#breadcrumb","itemListElement":[{"@type":"ListItem","position":1,"name":"Inicio","item":"https:\/\/www.antarrec.com\/"},{"@type":"ListItem","position":2,"name":"Contacto"}]},{"@type":"WebSite","@id":"https:\/\/www.antarrec.com\/#website","url":"https:\/\/www.antarrec.com\/","name":"Antarrec Productions","description":"Estudio de Grabaci\u00f3n","publisher":{"@id":"https:\/\/www.antarrec.com\/#organization"},"potentialAction":[{"@type":"SearchAction","target":{"@type":"EntryPoint","urlTemplate":"https:\/\/www.antarrec.com\/?s={search_term_string}"},"query-input":{"@type":"PropertyValueSpecification","valueRequired":true,"valueName":"search_term_string"}}],"inLanguage":"en-US"},{"@type":"Organization","@id":"https:\/\/www.antarrec.com\/#organization","name":"Antarrec","url":"https:\/\/www.antarrec.com\/","logo":{"@type":"ImageObject","inLanguage":"en-US","@id":"https:\/\/www.antarrec.com\/#\/schema\/logo\/image\/","url":"https:\/\/www.antarrec.com\/wp-content\/uploads\/2017\/02\/LogoG2020-200.png","contentUrl":"https:\/\/www.antarrec.com\/wp-content\/uploads\/2017\/02\/LogoG2020-200.png","width":671,"height":200,"caption":"Antarrec"},"image":{"@id":"https:\/\/www.antarrec.com\/#\/schema\/logo\/image\/"},"sameAs":["https:\/\/www.facebook.com\/Antarrec","https:\/\/x.com\/antarrec","https:\/\/www.instagram.com\/antarrec","https:\/\/www.youtube.com\/user\/antarrec"]}]}},"jetpack_sharing_enabled":true,"_links":{"self":[{"href":"https:\/\/www.antarrec.com\/en\/wp-json\/wp\/v2\/pages\/25","targetHints":{"allow":["GET"]}}],"collection":[{"href":"https:\/\/www.antarrec.com\/en\/wp-json\/wp\/v2\/pages"}],"about":[{"href":"https:\/\/www.antarrec.com\/en\/wp-json\/wp\/v2\/types\/page"}],"author":[{"embeddable":true,"href":"https:\/\/www.antarrec.com\/en\/wp-json\/wp\/v2\/users\/1"}],"replies":[{"embeddable":true,"href":"https:\/\/www.antarrec.com\/en\/wp-json\/wp\/v2\/comments?post=25"}],"version-history":[{"count":2,"href":"https:\/\/www.antarrec.com\/en\/wp-json\/wp\/v2\/pages\/25\/revisions"}],"predecessor-version":[{"id":10619,"href":"https:\/\/www.antarrec.com\/en\/wp-json\/wp\/v2\/pages\/25\/revisions\/10619"}],"wp:attachment":[{"href":"https:\/\/www.antarrec.com\/en\/wp-json\/wp\/v2\/media?parent=25"}],"curies":[{"name":"wp","href":"https:\/\/api.w.org\/{rel}","templated":true}]}}